{"id":8874,"date":"2020-02-15T10:38:12","date_gmt":"2020-02-15T09:38:12","guid":{"rendered":"https:\/\/azpharmacare.com\/blog\/"},"modified":"2024-05-10T10:28:52","modified_gmt":"2024-05-10T09:28:52","slug":"blog","status":"publish","type":"page","link":"https:\/\/azpharmacare.com\/en\/blog\/","title":{"rendered":"Blog"},"content":{"rendered":"\t\t<div data-elementor-type=\"wp-page\" data-elementor-id=\"8874\" class=\"elementor elementor-8874 elementor-18\" data-elementor-post-type=\"page\">\n\t\t\t\t\t\t<section class=\"elementor-section elementor-top-section elementor-element elementor-element-6a0f6f7 elementor-section-content-middle elementor-section-boxed elementor-section-height-default elementor-section-height-default\" data-id=\"6a0f6f7\" data-element_type=\"section\" data-settings=\"{&quot;background_background&quot;:&quot;classic&quot;}\">\n\t\t\t\t\t\t\t<div class=\"elementor-background-overlay\"><\/div>\n\t\t\t\t\t\t\t<div class=\"elementor-container elementor-column-gap-wider\">\n\t\t\t\t\t<div class=\"elementor-column elementor-col-33 elementor-top-column elementor-element elementor-element-eb23d2d\" data-id=\"eb23d2d\" data-element_type=\"column\">\n\t\t\t<div class=\"elementor-widget-wrap\">\n\t\t\t\t\t\t\t<\/div>\n\t\t<\/div>\n\t\t\t\t<div class=\"elementor-column elementor-col-33 elementor-top-column elementor-element elementor-element-85669a6\" data-id=\"85669a6\" data-element_type=\"column\">\n\t\t\t<div class=\"elementor-widget-wrap elementor-element-populated\">\n\t\t\t\t\t\t<div class=\"elementor-element elementor-element-89d469d elementor-widget elementor-widget-heading\" data-id=\"89d469d\" data-element_type=\"widget\" data-widget_type=\"heading.default\">\n\t\t\t\t<div class=\"elementor-widget-container\">\n\t\t\t<h3 class=\"elementor-heading-title elementor-size-default\">CBD Medicinal<\/h3>\t\t<\/div>\n\t\t\t\t<\/div>\n\t\t\t\t<div class=\"elementor-element elementor-element-8bd3be3 elementor-widget elementor-widget-heading\" data-id=\"8bd3be3\" data-element_type=\"widget\" data-widget_type=\"heading.default\">\n\t\t\t\t<div class=\"elementor-widget-container\">\n\t\t\t<h3 class=\"elementor-heading-title elementor-size-default\">Noticias, novedades y art\u00edculos<\/h3>\t\t<\/div>\n\t\t\t\t<\/div>\n\t\t\t\t<div class=\"elementor-element elementor-element-f8fddad elementor-widget elementor-widget-sidebar\" data-id=\"f8fddad\" data-element_type=\"widget\" data-widget_type=\"sidebar.default\">\n\t\t\t\t<div class=\"elementor-widget-container\">\n\t\t\t<section id=\"search-2\" class=\"widget widget_search\"><div class=\"widget-title\">Search<\/div><form class=\"searchform\" role=\"search\" method=\"get\" action=\"https:\/\/azpharmacare.com\/en\/\">\n    <label for=\"the7-search\" class=\"screen-reader-text\">Search:<\/label>\n    <input type=\"text\" id=\"the7-search\" class=\"field searchform-s\" name=\"s\" value=\"\" placeholder=\"Type and hit enter &hellip;\" \/>\n    <input type=\"submit\" class=\"assistive-text searchsubmit\" value=\"Go!\" \/>\n    <a href=\"\" class=\"submit\"><svg version=\"1.1\" id=\"Layer_1\" xmlns=\"http:\/\/www.w3.org\/2000\/svg\" xmlns:xlink=\"http:\/\/www.w3.org\/1999\/xlink\" x=\"0px\" y=\"0px\" viewBox=\"0 0 16 16\" style=\"enable-background:new 0 0 16 16;\" xml:space=\"preserve\"><path d=\"M11.7,10.3c2.1-2.9,1.5-7-1.4-9.1s-7-1.5-9.1,1.4s-1.5,7,1.4,9.1c2.3,1.7,5.4,1.7,7.7,0h0c0,0,0.1,0.1,0.1,0.1l3.8,3.8c0.4,0.4,1,0.4,1.4,0s0.4-1,0-1.4l-3.8-3.9C11.8,10.4,11.8,10.4,11.7,10.3L11.7,10.3z M12,6.5c0,3-2.5,5.5-5.5,5.5S1,9.5,1,6.5S3.5,1,6.5,1S12,3.5,12,6.5z\"\/><\/svg><\/a>\n<\/form>\n<\/section>\t\t<\/div>\n\t\t\t\t<\/div>\n\t\t\t\t\t<\/div>\n\t\t<\/div>\n\t\t\t\t<div class=\"elementor-column elementor-col-33 elementor-top-column elementor-element elementor-element-a82018f\" data-id=\"a82018f\" data-element_type=\"column\">\n\t\t\t<div class=\"elementor-widget-wrap\">\n\t\t\t\t\t\t\t<\/div>\n\t\t<\/div>\n\t\t\t\t\t<\/div>\n\t\t<\/section>\n\t\t\t\t<section class=\"elementor-section elementor-top-section elementor-element elementor-element-90e689f elementor-section-boxed elementor-section-height-default elementor-section-height-default\" data-id=\"90e689f\" data-element_type=\"section\">\n\t\t\t\t\t\t<div class=\"elementor-container elementor-column-gap-wider\">\n\t\t\t\t\t<div class=\"elementor-column elementor-col-100 elementor-top-column elementor-element elementor-element-d3af813\" data-id=\"d3af813\" data-element_type=\"column\">\n\t\t\t<div class=\"elementor-widget-wrap elementor-element-populated\">\n\t\t\t\t\t\t\t<\/div>\n\t\t<\/div>\n\t\t\t\t\t<\/div>\n\t\t<\/section>\n\t\t\t\t<\/div>\n\t\t","protected":false},"excerpt":{"rendered":"<p>CBD Medicinal Noticias, novedades y art\u00edculos Sesion COFA sobre el CBD Medicinal El Colegio Oficial de Farmac\u00e9uticos de Alicante (COFA) promueve la formaci\u00f3n sobre las aplicaciones terap\u00e9uticas del Cannabidiol \u00a0El evento tuvo lugar el mi\u00e9rcoles 29 de marzo en la sede de\u2026 Leer m\u00e1s El autocuidado de la psoriasis va m\u00e1s all\u00e1 del tratamiento de&hellip;<\/p>\n","protected":false},"author":1,"featured_media":8582,"parent":0,"menu_order":50,"comment_status":"closed","ping_status":"closed","template":"","meta":{"footnotes":""},"class_list":["post-8874","page","type-page","status-publish","has-post-thumbnail","hentry"],"_links":{"self":[{"href":"https:\/\/azpharmacare.com\/en\/wp-json\/wp\/v2\/pages\/8874","targetHints":{"allow":["GET"]}}],"collection":[{"href":"https:\/\/azpharmacare.com\/en\/wp-json\/wp\/v2\/pages"}],"about":[{"href":"https:\/\/azpharmacare.com\/en\/wp-json\/wp\/v2\/types\/page"}],"author":[{"embeddable":true,"href":"https:\/\/azpharmacare.com\/en\/wp-json\/wp\/v2\/users\/1"}],"replies":[{"embeddable":true,"href":"https:\/\/azpharmacare.com\/en\/wp-json\/wp\/v2\/comments?post=8874"}],"version-history":[{"count":1,"href":"https:\/\/azpharmacare.com\/en\/wp-json\/wp\/v2\/pages\/8874\/revisions"}],"predecessor-version":[{"id":8875,"href":"https:\/\/azpharmacare.com\/en\/wp-json\/wp\/v2\/pages\/8874\/revisions\/8875"}],"wp:featuredmedia":[{"embeddable":true,"href":"https:\/\/azpharmacare.com\/en\/wp-json\/wp\/v2\/media\/8582"}],"wp:attachment":[{"href":"https:\/\/azpharmacare.com\/en\/wp-json\/wp\/v2\/media?parent=8874"}],"curies":[{"name":"wp","href":"https:\/\/api.w.org\/{rel}","templated":true}]}}